{"id":462,"date":"2025-04-24T12:13:08","date_gmt":"2025-04-24T12:13:08","guid":{"rendered":"https:\/\/hd.bigway.dev\/?page_id=462"},"modified":"2025-04-28T10:33:48","modified_gmt":"2025-04-28T10:33:48","slug":"kontakt","status":"publish","type":"page","link":"https:\/\/hd.bigway.dev\/pl\/kontakt\/","title":{"rendered":"Zosta\u0148me v kontakte"},"content":{"rendered":"<p>M\u00e1te ot\u00e1zky alebo si chcete rezervova\u0165 pobyt? Nev\u00e1hajte n\u00e1s kontaktova\u0165 \u2013 radi v\u00e1m pom\u00f4\u017eeme! N\u00e1jdete n\u00e1s na uveden\u00fdch kontaktoch alebo n\u00e1m zanechajte spr\u00e1vu.<\/p>","protected":false},"excerpt":{"rendered":"<p>M\u00e1te ot\u00e1zky alebo si chcete rezervova\u0165 pobyt? Nev\u00e1hajte n\u00e1s kontaktova\u0165 \u2013 radi v\u00e1m pom\u00f4\u017eeme! N\u00e1jdete n\u00e1s na uveden\u00fdch kontaktoch alebo n\u00e1m zanechajte spr\u00e1vu.<\/p>","protected":false},"author":2,"featured_media":621,"parent":0,"menu_order":0,"comment_status":"closed","ping_status":"closed","template":"","meta":{"_acf_changed":false,"footnotes":""},"class_list":["post-462","page","type-page","status-publish","has-post-thumbnail","hentry"],"acf":[],"_links":{"self":[{"href":"https:\/\/hd.bigway.dev\/pl\/wp-json\/wp\/v2\/pages\/462","targetHints":{"allow":["GET"]}}],"collection":[{"href":"https:\/\/hd.bigway.dev\/pl\/wp-json\/wp\/v2\/pages"}],"about":[{"href":"https:\/\/hd.bigway.dev\/pl\/wp-json\/wp\/v2\/types\/page"}],"author":[{"embeddable":true,"href":"https:\/\/hd.bigway.dev\/pl\/wp-json\/wp\/v2\/users\/2"}],"replies":[{"embeddable":true,"href":"https:\/\/hd.bigway.dev\/pl\/wp-json\/wp\/v2\/comments?post=462"}],"version-history":[{"count":2,"href":"https:\/\/hd.bigway.dev\/pl\/wp-json\/wp\/v2\/pages\/462\/revisions"}],"predecessor-version":[{"id":622,"href":"https:\/\/hd.bigway.dev\/pl\/wp-json\/wp\/v2\/pages\/462\/revisions\/622"}],"wp:featuredmedia":[{"embeddable":true,"href":"https:\/\/hd.bigway.dev\/pl\/wp-json\/wp\/v2\/media\/621"}],"wp:attachment":[{"href":"https:\/\/hd.bigway.dev\/pl\/wp-json\/wp\/v2\/media?parent=462"}],"curies":[{"name":"wp","href":"https:\/\/api.w.org\/{rel}","templated":true}]}}