{"id":411,"date":"2025-04-24T07:40:36","date_gmt":"2025-04-24T07:40:36","guid":{"rendered":"https:\/\/hd.bigway.dev\/?page_id=411"},"modified":"2025-07-28T08:24:05","modified_gmt":"2025-07-28T08:24:05","slug":"firemne-akcie","status":"publish","type":"page","link":"https:\/\/hd.bigway.dev\/pl\/firemne-akcie\/","title":{"rendered":"Firemn\u00e9 akcie a stretnutia"},"content":{"rendered":"<p>Hotel Diery je rodinn\u00fd hotel ide\u00e1lny pre men\u0161ie skupiny. Pon\u00faka 23 izieb s 62 pevn\u00fdmi l\u00f4\u017ekami a 20 l\u00f4\u017ekami rie\u0161enymi rozkladac\u00edm gau\u010dom. Ve\u013ek\u00e1 spolo\u010densk\u00e1 miestnos\u0165 pon\u00faka priestor na pracovn\u00fa \u010das\u0165 stretnut\u00ed a re\u0161taur\u00e1cia Terchovsk\u00e1 koliba Diery je ide\u00e1lnym miestom pre ve\u010dere, \u010di rauty pri reprodukovanej, ale aj \u017eivej hudbe z terchovsk\u00e9ho chot\u00e1ra.<\/p>\n\n\n\n<p><\/p>","protected":false},"excerpt":{"rendered":"<p>Hotel Diery je rodinn\u00fd hotel ide\u00e1lny pre men\u0161ie skupiny. Pon\u00faka 23 izieb s 62 pevn\u00fdmi l\u00f4\u017ekami a 20 l\u00f4\u017ekami rie\u0161enymi rozkladac\u00edm gau\u010dom. Ve\u013ek\u00e1 spolo\u010densk\u00e1 miestnos\u0165 pon\u00faka priestor na pracovn\u00fa \u010das\u0165 stretnut\u00ed a re\u0161taur\u00e1cia Terchovsk\u00e1 koliba Diery je ide\u00e1lnym miestom pre ve\u010dere, \u010di rauty pri reprodukovanej, ale aj \u017eivej hudbe z terchovsk\u00e9ho chot\u00e1ra.<\/p>","protected":false},"author":2,"featured_media":726,"parent":0,"menu_order":0,"comment_status":"closed","ping_status":"closed","template":"","meta":{"_acf_changed":false,"footnotes":""},"class_list":["post-411","page","type-page","status-publish","has-post-thumbnail","hentry"],"acf":[],"_links":{"self":[{"href":"https:\/\/hd.bigway.dev\/pl\/wp-json\/wp\/v2\/pages\/411","targetHints":{"allow":["GET"]}}],"collection":[{"href":"https:\/\/hd.bigway.dev\/pl\/wp-json\/wp\/v2\/pages"}],"about":[{"href":"https:\/\/hd.bigway.dev\/pl\/wp-json\/wp\/v2\/types\/page"}],"author":[{"embeddable":true,"href":"https:\/\/hd.bigway.dev\/pl\/wp-json\/wp\/v2\/users\/2"}],"replies":[{"embeddable":true,"href":"https:\/\/hd.bigway.dev\/pl\/wp-json\/wp\/v2\/comments?post=411"}],"version-history":[{"count":35,"href":"https:\/\/hd.bigway.dev\/pl\/wp-json\/wp\/v2\/pages\/411\/revisions"}],"predecessor-version":[{"id":1185,"href":"https:\/\/hd.bigway.dev\/pl\/wp-json\/wp\/v2\/pages\/411\/revisions\/1185"}],"wp:featuredmedia":[{"embeddable":true,"href":"https:\/\/hd.bigway.dev\/pl\/wp-json\/wp\/v2\/media\/726"}],"wp:attachment":[{"href":"https:\/\/hd.bigway.dev\/pl\/wp-json\/wp\/v2\/media?parent=411"}],"curies":[{"name":"wp","href":"https:\/\/api.w.org\/{rel}","templated":true}]}}