{"id":408,"date":"2025-04-24T07:38:18","date_gmt":"2025-04-24T07:38:18","guid":{"rendered":"https:\/\/hd.bigway.dev\/?page_id=408"},"modified":"2025-07-14T08:54:14","modified_gmt":"2025-07-14T08:54:14","slug":"aktivity","status":"publish","type":"page","link":"https:\/\/hd.bigway.dev\/pl\/aktivity\/","title":{"rendered":"Vitajte v srdci Malej Fatry"},"content":{"rendered":"<p>Objavte kr\u00e1sy Terchovej na \u00fap\u00e4t\u00ed Malej Fatry \u2013 ide\u00e1lne miesto na oddych, dobrodru\u017estvo a pozn\u00e1vanie. \u010ci u\u017e ste nad\u0161enec do turistiky, cyklistiky, alebo h\u013ead\u00e1te miesto na relax\u00e1ciu v pr\u00edrode.<\/p>\n\n\n\n<p><\/p>","protected":false},"excerpt":{"rendered":"<p>Objavte kr\u00e1sy Terchovej na \u00fap\u00e4t\u00ed Malej Fatry \u2013 ide\u00e1lne miesto na oddych, dobrodru\u017estvo a pozn\u00e1vanie. \u010ci u\u017e ste nad\u0161enec do turistiky, cyklistiky, alebo h\u013ead\u00e1te miesto na relax\u00e1ciu v pr\u00edrode.<\/p>","protected":false},"author":2,"featured_media":409,"parent":0,"menu_order":0,"comment_status":"closed","ping_status":"closed","template":"","meta":{"_acf_changed":false,"footnotes":""},"class_list":["post-408","page","type-page","status-publish","has-post-thumbnail","hentry"],"acf":[],"_links":{"self":[{"href":"https:\/\/hd.bigway.dev\/pl\/wp-json\/wp\/v2\/pages\/408","targetHints":{"allow":["GET"]}}],"collection":[{"href":"https:\/\/hd.bigway.dev\/pl\/wp-json\/wp\/v2\/pages"}],"about":[{"href":"https:\/\/hd.bigway.dev\/pl\/wp-json\/wp\/v2\/types\/page"}],"author":[{"embeddable":true,"href":"https:\/\/hd.bigway.dev\/pl\/wp-json\/wp\/v2\/users\/2"}],"replies":[{"embeddable":true,"href":"https:\/\/hd.bigway.dev\/pl\/wp-json\/wp\/v2\/comments?post=408"}],"version-history":[{"count":27,"href":"https:\/\/hd.bigway.dev\/pl\/wp-json\/wp\/v2\/pages\/408\/revisions"}],"predecessor-version":[{"id":1059,"href":"https:\/\/hd.bigway.dev\/pl\/wp-json\/wp\/v2\/pages\/408\/revisions\/1059"}],"wp:featuredmedia":[{"embeddable":true,"href":"https:\/\/hd.bigway.dev\/pl\/wp-json\/wp\/v2\/media\/409"}],"wp:attachment":[{"href":"https:\/\/hd.bigway.dev\/pl\/wp-json\/wp\/v2\/media?parent=408"}],"curies":[{"name":"wp","href":"https:\/\/api.w.org\/{rel}","templated":true}]}}