{"id":273,"date":"2025-04-22T14:11:36","date_gmt":"2025-04-22T14:11:36","guid":{"rendered":"https:\/\/hd.bigway.dev\/?page_id=273"},"modified":"2025-12-03T08:28:54","modified_gmt":"2025-12-03T08:28:54","slug":"restauracia","status":"publish","type":"page","link":"https:\/\/hd.bigway.dev\/pl\/restauracia\/","title":{"rendered":"Chu\u0165 slovensk\u00fdch trad\u00edci\u00ed"},"content":{"rendered":"<p>Autentick\u00e1 terchovsk\u00e1 koliba s poctivou slovenskou kuchy\u0148ou a jedine\u010dnou atmosf\u00e9rou v srdci Terchovej. <\/p>\n\n\n\n<p><\/p>","protected":false},"excerpt":{"rendered":"<p>Autentick\u00e1 terchovsk\u00e1 koliba s poctivou slovenskou kuchy\u0148ou a jedine\u010dnou atmosf\u00e9rou v srdci Terchovej.<\/p>","protected":false},"author":2,"featured_media":1359,"parent":0,"menu_order":0,"comment_status":"closed","ping_status":"closed","template":"","meta":{"_acf_changed":false,"footnotes":""},"class_list":["post-273","page","type-page","status-publish","has-post-thumbnail","hentry"],"acf":[],"_links":{"self":[{"href":"https:\/\/hd.bigway.dev\/pl\/wp-json\/wp\/v2\/pages\/273","targetHints":{"allow":["GET"]}}],"collection":[{"href":"https:\/\/hd.bigway.dev\/pl\/wp-json\/wp\/v2\/pages"}],"about":[{"href":"https:\/\/hd.bigway.dev\/pl\/wp-json\/wp\/v2\/types\/page"}],"author":[{"embeddable":true,"href":"https:\/\/hd.bigway.dev\/pl\/wp-json\/wp\/v2\/users\/2"}],"replies":[{"embeddable":true,"href":"https:\/\/hd.bigway.dev\/pl\/wp-json\/wp\/v2\/comments?post=273"}],"version-history":[{"count":60,"href":"https:\/\/hd.bigway.dev\/pl\/wp-json\/wp\/v2\/pages\/273\/revisions"}],"predecessor-version":[{"id":1385,"href":"https:\/\/hd.bigway.dev\/pl\/wp-json\/wp\/v2\/pages\/273\/revisions\/1385"}],"wp:featuredmedia":[{"embeddable":true,"href":"https:\/\/hd.bigway.dev\/pl\/wp-json\/wp\/v2\/media\/1359"}],"wp:attachment":[{"href":"https:\/\/hd.bigway.dev\/pl\/wp-json\/wp\/v2\/media?parent=273"}],"curies":[{"name":"wp","href":"https:\/\/api.w.org\/{rel}","templated":true}]}}