{"id":269,"date":"2025-04-06T21:46:30","date_gmt":"2025-04-06T21:46:30","guid":{"rendered":"https:\/\/hd.bigway.dev\/?page_id=269"},"modified":"2026-02-15T05:09:49","modified_gmt":"2026-02-15T05:09:49","slug":"pobytove-baliky-pre-kazdeho","status":"publish","type":"page","link":"https:\/\/hd.bigway.dev\/pl\/pobytove-baliky-pre-kazdeho\/","title":{"rendered":"Rodinn\u00e1 pohoda"},"content":{"rendered":"<p>Chceme, aby ste sa u n\u00e1s c\u00edtili uvo\u013enene, aby sa n\u00e1\u0161 hotel stal pre v\u00e1s va\u0161im druh\u00fdm domovom v Terchovej.<\/p>","protected":false},"excerpt":{"rendered":"<p>Chceme, aby ste sa u n\u00e1s c\u00edtili uvo\u013enene, aby sa n\u00e1\u0161 hotel stal pre v\u00e1s va\u0161im druh\u00fdm domovom v Terchovej.<\/p>","protected":false},"author":2,"featured_media":1357,"parent":0,"menu_order":0,"comment_status":"closed","ping_status":"closed","template":"","meta":{"_acf_changed":false,"footnotes":""},"class_list":["post-269","page","type-page","status-publish","has-post-thumbnail","hentry"],"acf":[],"_links":{"self":[{"href":"https:\/\/hd.bigway.dev\/pl\/wp-json\/wp\/v2\/pages\/269","targetHints":{"allow":["GET"]}}],"collection":[{"href":"https:\/\/hd.bigway.dev\/pl\/wp-json\/wp\/v2\/pages"}],"about":[{"href":"https:\/\/hd.bigway.dev\/pl\/wp-json\/wp\/v2\/types\/page"}],"author":[{"embeddable":true,"href":"https:\/\/hd.bigway.dev\/pl\/wp-json\/wp\/v2\/users\/2"}],"replies":[{"embeddable":true,"href":"https:\/\/hd.bigway.dev\/pl\/wp-json\/wp\/v2\/comments?post=269"}],"version-history":[{"count":5,"href":"https:\/\/hd.bigway.dev\/pl\/wp-json\/wp\/v2\/pages\/269\/revisions"}],"predecessor-version":[{"id":1432,"href":"https:\/\/hd.bigway.dev\/pl\/wp-json\/wp\/v2\/pages\/269\/revisions\/1432"}],"wp:featuredmedia":[{"embeddable":true,"href":"https:\/\/hd.bigway.dev\/pl\/wp-json\/wp\/v2\/media\/1357"}],"wp:attachment":[{"href":"https:\/\/hd.bigway.dev\/pl\/wp-json\/wp\/v2\/media?parent=269"}],"curies":[{"name":"wp","href":"https:\/\/api.w.org\/{rel}","templated":true}]}}