{"id":189,"date":"2025-04-05T17:12:34","date_gmt":"2025-04-05T17:12:34","guid":{"rendered":"https:\/\/hd.bigway.dev\/?page_id=189"},"modified":"2025-12-03T08:00:34","modified_gmt":"2025-12-03T08:00:34","slug":"hotel-diery","status":"publish","type":"page","link":"https:\/\/hd.bigway.dev\/pl\/","title":{"rendered":"Hotel Diery"},"content":{"rendered":"<p>Odd\u00fdchnite si v \u00fatulnom hoteli priamo na vstupe do J\u00e1no\u0161\u00edkov\u00fdch dier. Ide\u00e1lne miesto pre rodiny s de\u0165mi, turistov aj milovn\u00edkov dobrodru\u017estva. Vychutnajte si pohodln\u00e9 ubytovanie, tradi\u010dn\u00fa gastron\u00f3miu a nezabudnute\u013en\u00e9 z\u00e1\u017eitky v lone Malej Fatry.<\/p>","protected":false},"excerpt":{"rendered":"<p>Odd\u00fdchnite si v \u00fatulnom hoteli priamo na vstupe do J\u00e1no\u0161\u00edkov\u00fdch dier. Ide\u00e1lne miesto pre rodiny s de\u0165mi, turistov aj milovn\u00edkov dobrodru\u017estva. Vychutnajte si pohodln\u00e9 ubytovanie, tradi\u010dn\u00fa gastron\u00f3miu a nezabudnute\u013en\u00e9 z\u00e1\u017eitky v lone Malej Fatry.<\/p>","protected":false},"author":2,"featured_media":1377,"parent":0,"menu_order":0,"comment_status":"closed","ping_status":"closed","template":"","meta":{"_acf_changed":false,"footnotes":""},"class_list":["post-189","page","type-page","status-publish","has-post-thumbnail","hentry"],"acf":[],"_links":{"self":[{"href":"https:\/\/hd.bigway.dev\/pl\/wp-json\/wp\/v2\/pages\/189","targetHints":{"allow":["GET"]}}],"collection":[{"href":"https:\/\/hd.bigway.dev\/pl\/wp-json\/wp\/v2\/pages"}],"about":[{"href":"https:\/\/hd.bigway.dev\/pl\/wp-json\/wp\/v2\/types\/page"}],"author":[{"embeddable":true,"href":"https:\/\/hd.bigway.dev\/pl\/wp-json\/wp\/v2\/users\/2"}],"replies":[{"embeddable":true,"href":"https:\/\/hd.bigway.dev\/pl\/wp-json\/wp\/v2\/comments?post=189"}],"version-history":[{"count":38,"href":"https:\/\/hd.bigway.dev\/pl\/wp-json\/wp\/v2\/pages\/189\/revisions"}],"predecessor-version":[{"id":1380,"href":"https:\/\/hd.bigway.dev\/pl\/wp-json\/wp\/v2\/pages\/189\/revisions\/1380"}],"wp:featuredmedia":[{"embeddable":true,"href":"https:\/\/hd.bigway.dev\/pl\/wp-json\/wp\/v2\/media\/1377"}],"wp:attachment":[{"href":"https:\/\/hd.bigway.dev\/pl\/wp-json\/wp\/v2\/media?parent=189"}],"curies":[{"name":"wp","href":"https:\/\/api.w.org\/{rel}","templated":true}]}}