{"id":499,"date":"2025-04-24T13:59:31","date_gmt":"2025-04-24T13:59:31","guid":{"rendered":"https:\/\/hd.bigway.dev\/?page_id=499"},"modified":"2025-04-24T14:04:00","modified_gmt":"2025-04-24T14:04:00","slug":"darcekovy-poukaz","status":"publish","type":"page","link":"https:\/\/hd.bigway.dev\/en\/darcekovy-poukaz\/","title":{"rendered":"Dar\u010dekov\u00fd poukaz \u2013 z\u00e1\u017eitok, ktor\u00fd pote\u0161\u00ed"},"content":{"rendered":"<p>H\u013ead\u00e1te origin\u00e1lny dar\u010dek na Vianoce, narodeniny \u010di v\u00fdro\u010die? Darujte svojim bl\u00edzkym pobyt v Hoteli Diery *** v Terchovej a doprajte im oddych v kr\u00e1snej pr\u00edrode Malej Fatry.<\/p>","protected":false},"excerpt":{"rendered":"<p>H\u013ead\u00e1te origin\u00e1lny dar\u010dek na Vianoce, narodeniny \u010di v\u00fdro\u010die? Darujte svojim bl\u00edzkym pobyt v Hoteli Diery *** v Terchovej a doprajte im oddych v kr\u00e1snej pr\u00edrode Malej Fatry.<\/p>","protected":false},"author":2,"featured_media":500,"parent":0,"menu_order":0,"comment_status":"closed","ping_status":"closed","template":"","meta":{"_acf_changed":false,"footnotes":""},"class_list":["post-499","page","type-page","status-publish","has-post-thumbnail","hentry"],"acf":[],"_links":{"self":[{"href":"https:\/\/hd.bigway.dev\/en\/wp-json\/wp\/v2\/pages\/499","targetHints":{"allow":["GET"]}}],"collection":[{"href":"https:\/\/hd.bigway.dev\/en\/wp-json\/wp\/v2\/pages"}],"about":[{"href":"https:\/\/hd.bigway.dev\/en\/wp-json\/wp\/v2\/types\/page"}],"author":[{"embeddable":true,"href":"https:\/\/hd.bigway.dev\/en\/wp-json\/wp\/v2\/users\/2"}],"replies":[{"embeddable":true,"href":"https:\/\/hd.bigway.dev\/en\/wp-json\/wp\/v2\/comments?post=499"}],"version-history":[{"count":2,"href":"https:\/\/hd.bigway.dev\/en\/wp-json\/wp\/v2\/pages\/499\/revisions"}],"predecessor-version":[{"id":511,"href":"https:\/\/hd.bigway.dev\/en\/wp-json\/wp\/v2\/pages\/499\/revisions\/511"}],"wp:featuredmedia":[{"embeddable":true,"href":"https:\/\/hd.bigway.dev\/en\/wp-json\/wp\/v2\/media\/500"}],"wp:attachment":[{"href":"https:\/\/hd.bigway.dev\/en\/wp-json\/wp\/v2\/media?parent=499"}],"curies":[{"name":"wp","href":"https:\/\/api.w.org\/{rel}","templated":true}]}}