{"id":479,"date":"2025-04-24T13:19:22","date_gmt":"2025-04-24T13:19:22","guid":{"rendered":"https:\/\/hd.bigway.dev\/?page_id=479"},"modified":"2025-12-04T10:37:18","modified_gmt":"2025-12-04T10:37:18","slug":"o-nas","status":"publish","type":"page","link":"https:\/\/hd.bigway.dev\/en\/o-nas\/","title":{"rendered":"Rodinn\u00e1 pohoda - wellness a relax - poctiv\u00e1 tradi\u010dn\u00e1 kuchy\u0148a"},"content":{"rendered":"<p>Priamo na vstupe do J\u00e1no\u0161\u00edkov\u00fdch dier n\u00e1jdete svoj druh\u00fd domov. Rodinn\u00e1 pohoda, wellness a poctiv\u00e1 tradi\u010dn\u00e1 kuchy\u0148a. Zbalte cel\u00fa rodinu a ute\u010dte od ka\u017edodenn\u00fdch starost\u00ed. <\/p>\n\n\n\n<p><\/p>","protected":false},"excerpt":{"rendered":"<p>Priamo na vstupe do J\u00e1no\u0161\u00edkov\u00fdch dier n\u00e1jdete svoj druh\u00fd domov. Rodinn\u00e1 pohoda, wellness a poctiv\u00e1 tradi\u010dn\u00e1 kuchy\u0148a. Zbalte cel\u00fa rodinu a ute\u010dte od ka\u017edodenn\u00fdch starost\u00ed.<\/p>","protected":false},"author":2,"featured_media":1377,"parent":0,"menu_order":0,"comment_status":"closed","ping_status":"closed","template":"","meta":{"_acf_changed":false,"footnotes":""},"class_list":["post-479","page","type-page","status-publish","has-post-thumbnail","hentry"],"acf":[],"_links":{"self":[{"href":"https:\/\/hd.bigway.dev\/en\/wp-json\/wp\/v2\/pages\/479","targetHints":{"allow":["GET"]}}],"collection":[{"href":"https:\/\/hd.bigway.dev\/en\/wp-json\/wp\/v2\/pages"}],"about":[{"href":"https:\/\/hd.bigway.dev\/en\/wp-json\/wp\/v2\/types\/page"}],"author":[{"embeddable":true,"href":"https:\/\/hd.bigway.dev\/en\/wp-json\/wp\/v2\/users\/2"}],"replies":[{"embeddable":true,"href":"https:\/\/hd.bigway.dev\/en\/wp-json\/wp\/v2\/comments?post=479"}],"version-history":[{"count":43,"href":"https:\/\/hd.bigway.dev\/en\/wp-json\/wp\/v2\/pages\/479\/revisions"}],"predecessor-version":[{"id":1413,"href":"https:\/\/hd.bigway.dev\/en\/wp-json\/wp\/v2\/pages\/479\/revisions\/1413"}],"wp:featuredmedia":[{"embeddable":true,"href":"https:\/\/hd.bigway.dev\/en\/wp-json\/wp\/v2\/media\/1377"}],"wp:attachment":[{"href":"https:\/\/hd.bigway.dev\/en\/wp-json\/wp\/v2\/media?parent=479"}],"curies":[{"name":"wp","href":"https:\/\/api.w.org\/{rel}","templated":true}]}}