{"id":444,"date":"2025-04-24T09:55:28","date_gmt":"2025-04-24T09:55:28","guid":{"rendered":"https:\/\/hd.bigway.dev\/?page_id=444"},"modified":"2025-08-22T07:49:55","modified_gmt":"2025-08-22T07:49:55","slug":"blog","status":"publish","type":"page","link":"https:\/\/hd.bigway.dev\/en\/blog\/","title":{"rendered":"Zauj\u00edmavosti z kraja J\u00e1no\u0161\u00edka"},"content":{"rendered":"<p>To najlep\u0161ie z Terchovskej doliny...<\/p>\n\n\n\n<p><\/p>","protected":false},"excerpt":{"rendered":"<p>To najlep\u0161ie z Terchovskej doliny...<\/p>","protected":false},"author":2,"featured_media":1064,"parent":0,"menu_order":0,"comment_status":"closed","ping_status":"closed","template":"","meta":{"_acf_changed":false,"footnotes":""},"class_list":["post-444","page","type-page","status-publish","has-post-thumbnail","hentry"],"acf":[],"_links":{"self":[{"href":"https:\/\/hd.bigway.dev\/en\/wp-json\/wp\/v2\/pages\/444","targetHints":{"allow":["GET"]}}],"collection":[{"href":"https:\/\/hd.bigway.dev\/en\/wp-json\/wp\/v2\/pages"}],"about":[{"href":"https:\/\/hd.bigway.dev\/en\/wp-json\/wp\/v2\/types\/page"}],"author":[{"embeddable":true,"href":"https:\/\/hd.bigway.dev\/en\/wp-json\/wp\/v2\/users\/2"}],"replies":[{"embeddable":true,"href":"https:\/\/hd.bigway.dev\/en\/wp-json\/wp\/v2\/comments?post=444"}],"version-history":[{"count":9,"href":"https:\/\/hd.bigway.dev\/en\/wp-json\/wp\/v2\/pages\/444\/revisions"}],"predecessor-version":[{"id":1297,"href":"https:\/\/hd.bigway.dev\/en\/wp-json\/wp\/v2\/pages\/444\/revisions\/1297"}],"wp:featuredmedia":[{"embeddable":true,"href":"https:\/\/hd.bigway.dev\/en\/wp-json\/wp\/v2\/media\/1064"}],"wp:attachment":[{"href":"https:\/\/hd.bigway.dev\/en\/wp-json\/wp\/v2\/media?parent=444"}],"curies":[{"name":"wp","href":"https:\/\/api.w.org\/{rel}","templated":true}]}}